{"id":360,"date":"2017-07-17T13:46:37","date_gmt":"2017-07-17T11:46:37","guid":{"rendered":"http:\/\/konsulat-serbia.pl\/?page_id=360"},"modified":"2017-08-23T08:09:42","modified_gmt":"2017-08-23T06:09:42","slug":"culture-2","status":"publish","type":"page","link":"https:\/\/konsulat-serbia.pl\/?page_id=360&lang=en","title":{"rendered":"Culture"},"content":{"rendered":"<p>&nbsp;<\/p>\n<p>&nbsp;<\/p>\n<div class=\"su-row\">\n<div class=\"su-column su-column-size-1-2\"><div class=\"su-column-inner su-u-clearfix su-u-trim\"><strong><a href=\"https:\/\/konsulat-serbia.pl\/?page_id=448\">Traces of the old days<\/a><\/strong><\/p>\n<div id=\"attachment_522\" style=\"width: 233px\" class=\"wp-caption alignleft\"><a href=\"https:\/\/konsulat-serbia.pl\/?page_id=448\"><img aria-describedby=\"caption-attachment-522\" loading=\"lazy\" class=\" wp-image-522\" src=\"https:\/\/konsulat-serbia.pl\/wp-content\/uploads\/2017\/07\/Roman_Emperors_route_Gamzigrad_Felix_Romuliana_UNESCO_credits_B.Jovanovic-744x496.jpg\" alt=\"\" width=\"223\" height=\"149\" srcset=\"https:\/\/konsulat-serbia.pl\/wp-content\/uploads\/2017\/07\/Roman_Emperors_route_Gamzigrad_Felix_Romuliana_UNESCO_credits_B.Jovanovic-744x496.jpg 744w, https:\/\/konsulat-serbia.pl\/wp-content\/uploads\/2017\/07\/Roman_Emperors_route_Gamzigrad_Felix_Romuliana_UNESCO_credits_B.Jovanovic-420x280.jpg 420w, https:\/\/konsulat-serbia.pl\/wp-content\/uploads\/2017\/07\/Roman_Emperors_route_Gamzigrad_Felix_Romuliana_UNESCO_credits_B.Jovanovic-768x512.jpg 768w, https:\/\/konsulat-serbia.pl\/wp-content\/uploads\/2017\/07\/Roman_Emperors_route_Gamzigrad_Felix_Romuliana_UNESCO_credits_B.Jovanovic-1200x800.jpg 1200w, https:\/\/konsulat-serbia.pl\/wp-content\/uploads\/2017\/07\/Roman_Emperors_route_Gamzigrad_Felix_Romuliana_UNESCO_credits_B.Jovanovic-225x150.jpg 225w, https:\/\/konsulat-serbia.pl\/wp-content\/uploads\/2017\/07\/Roman_Emperors_route_Gamzigrad_Felix_Romuliana_UNESCO_credits_B.Jovanovic-150x100.jpg 150w\" sizes=\"(max-width: 223px) 100vw, 223px\" \/><\/a><p id=\"caption-attachment-522\" class=\"wp-caption-text\">Gamzigrad, \u017ar\u00f3d\u0142o: serbia.travel, autor: B. Jovanovi\u0107<\/p><\/div>\n<p>&nbsp;<\/p>\n<p>&nbsp;<\/p>\n<p>&nbsp;<\/p>\n<p>&nbsp;<\/p>\n<p>&nbsp;<\/p>\n<p>&nbsp;<\/p>\n<p><a href=\"https:\/\/konsulat-serbia.pl\/?page_id=450\"><strong>Monasteries<\/strong><\/a><\/p>\n<div id=\"attachment_537\" style=\"width: 246px\" class=\"wp-caption alignleft\"><a href=\"https:\/\/konsulat-serbia.pl\/?page_id=450\"><img aria-describedby=\"caption-attachment-537\" loading=\"lazy\" class=\"wp-image-537\" title=\"Monastyry\" src=\"https:\/\/konsulat-serbia.pl\/wp-content\/uploads\/2017\/07\/Sopocani_monastery_UNESCO_credits_D.Bosnic-744x496.jpg\" alt=\"\" width=\"236\" height=\"157\" srcset=\"https:\/\/konsulat-serbia.pl\/wp-content\/uploads\/2017\/07\/Sopocani_monastery_UNESCO_credits_D.Bosnic-744x496.jpg 744w, https:\/\/konsulat-serbia.pl\/wp-content\/uploads\/2017\/07\/Sopocani_monastery_UNESCO_credits_D.Bosnic-420x280.jpg 420w, https:\/\/konsulat-serbia.pl\/wp-content\/uploads\/2017\/07\/Sopocani_monastery_UNESCO_credits_D.Bosnic-768x512.jpg 768w, https:\/\/konsulat-serbia.pl\/wp-content\/uploads\/2017\/07\/Sopocani_monastery_UNESCO_credits_D.Bosnic-1200x800.jpg 1200w, https:\/\/konsulat-serbia.pl\/wp-content\/uploads\/2017\/07\/Sopocani_monastery_UNESCO_credits_D.Bosnic-225x150.jpg 225w, https:\/\/konsulat-serbia.pl\/wp-content\/uploads\/2017\/07\/Sopocani_monastery_UNESCO_credits_D.Bosnic-150x100.jpg 150w\" sizes=\"(max-width: 236px) 100vw, 236px\" \/><\/a><p id=\"caption-attachment-537\" class=\"wp-caption-text\">Monastyr Sopo\u0107ani, \u017ar\u00f3d\u0142o: serbia.travel, autor: D. Bosni\u0107<\/p><\/div>\n<\/div><\/div>\n<div class=\"su-column su-column-size-1-2\"><div class=\"su-column-inner su-u-clearfix su-u-trim\">\n<p><a href=\"https:\/\/konsulat-serbia.pl\/?page_id=653&amp;preview=true\"><strong>Fortresses<\/strong><\/a><\/p>\n<div id=\"attachment_529\" style=\"width: 268px\" class=\"wp-caption alignnone\"><a href=\"https:\/\/konsulat-serbia.pl\/?page_id=653&amp;preview=true\"><img aria-describedby=\"caption-attachment-529\" loading=\"lazy\" class=\"wp-image-529\" src=\"https:\/\/konsulat-serbia.pl\/wp-content\/uploads\/2017\/07\/Danube_fortress_Golubac_credits_B.Jovanovic-744x495.jpg\" alt=\"\" width=\"258\" height=\"172\" srcset=\"https:\/\/konsulat-serbia.pl\/wp-content\/uploads\/2017\/07\/Danube_fortress_Golubac_credits_B.Jovanovic-744x495.jpg 744w, https:\/\/konsulat-serbia.pl\/wp-content\/uploads\/2017\/07\/Danube_fortress_Golubac_credits_B.Jovanovic-420x280.jpg 420w, https:\/\/konsulat-serbia.pl\/wp-content\/uploads\/2017\/07\/Danube_fortress_Golubac_credits_B.Jovanovic-768x511.jpg 768w, https:\/\/konsulat-serbia.pl\/wp-content\/uploads\/2017\/07\/Danube_fortress_Golubac_credits_B.Jovanovic-1200x799.jpg 1200w, https:\/\/konsulat-serbia.pl\/wp-content\/uploads\/2017\/07\/Danube_fortress_Golubac_credits_B.Jovanovic-225x150.jpg 225w, https:\/\/konsulat-serbia.pl\/wp-content\/uploads\/2017\/07\/Danube_fortress_Golubac_credits_B.Jovanovic-150x100.jpg 150w\" sizes=\"(max-width: 258px) 100vw, 258px\" \/><\/a><p id=\"caption-attachment-529\" class=\"wp-caption-text\">Twierdza Golubac, \u017ar\u00f3d\u0142o: serbia.travel, autor: B. Jovanovi\u0107<\/p><\/div>\n<p><a href=\"https:\/\/konsulat-serbia.pl\/?page_id=646\">Cuisine<\/a><\/p>\n<div id=\"attachment_588\" style=\"width: 240px\" class=\"wp-caption alignnone\"><a href=\"https:\/\/konsulat-serbia.pl\/?page_id=646\"><img aria-describedby=\"caption-attachment-588\" loading=\"lazy\" class=\" wp-image-588\" src=\"https:\/\/konsulat-serbia.pl\/wp-content\/uploads\/2017\/07\/rajac_gastronomy_credits_d.bosnic-1-744x496.jpg\" alt=\"\" width=\"230\" height=\"153\" srcset=\"https:\/\/konsulat-serbia.pl\/wp-content\/uploads\/2017\/07\/rajac_gastronomy_credits_d.bosnic-1-744x496.jpg 744w, https:\/\/konsulat-serbia.pl\/wp-content\/uploads\/2017\/07\/rajac_gastronomy_credits_d.bosnic-1-420x280.jpg 420w, https:\/\/konsulat-serbia.pl\/wp-content\/uploads\/2017\/07\/rajac_gastronomy_credits_d.bosnic-1-768x512.jpg 768w, https:\/\/konsulat-serbia.pl\/wp-content\/uploads\/2017\/07\/rajac_gastronomy_credits_d.bosnic-1-1200x800.jpg 1200w, https:\/\/konsulat-serbia.pl\/wp-content\/uploads\/2017\/07\/rajac_gastronomy_credits_d.bosnic-1-225x150.jpg 225w, https:\/\/konsulat-serbia.pl\/wp-content\/uploads\/2017\/07\/rajac_gastronomy_credits_d.bosnic-1-150x100.jpg 150w\" sizes=\"(max-width: 230px) 100vw, 230px\" \/><\/a><p id=\"caption-attachment-588\" class=\"wp-caption-text\">\u0179r\u00f3d\u0142o: serbia.travel, autor: D. Bosni\u0107<\/p><\/div>\n<\/div><\/div>\n<\/div>\n","protected":false},"excerpt":{"rendered":"<p>&nbsp; &nbsp;<\/p>\n","protected":false},"author":1,"featured_media":0,"parent":0,"menu_order":0,"comment_status":"closed","ping_status":"closed","template":"","meta":[],"aioseo_notices":[],"_links":{"self":[{"href":"https:\/\/konsulat-serbia.pl\/index.php?rest_route=\/wp\/v2\/pages\/360"}],"collection":[{"href":"https:\/\/konsulat-serbia.pl\/index.php?rest_route=\/wp\/v2\/pages"}],"about":[{"href":"https:\/\/konsulat-serbia.pl\/index.php?rest_route=\/wp\/v2\/types\/page"}],"author":[{"embeddable":true,"href":"https:\/\/konsulat-serbia.pl\/index.php?rest_route=\/wp\/v2\/users\/1"}],"replies":[{"embeddable":true,"href":"https:\/\/konsulat-serbia.pl\/index.php?rest_route=%2Fwp%2Fv2%2Fcomments&post=360"}],"version-history":[{"count":6,"href":"https:\/\/konsulat-serbia.pl\/index.php?rest_route=\/wp\/v2\/pages\/360\/revisions"}],"predecessor-version":[{"id":655,"href":"https:\/\/konsulat-serbia.pl\/index.php?rest_route=\/wp\/v2\/pages\/360\/revisions\/655"}],"wp:attachment":[{"href":"https:\/\/konsulat-serbia.pl\/index.php?rest_route=%2Fwp%2Fv2%2Fmedia&parent=360"}],"curies":[{"name":"wp","href":"https:\/\/api.w.org\/{rel}","templated":true}]}}