{"id":290,"date":"2017-06-23T08:23:39","date_gmt":"2017-06-23T06:23:39","guid":{"rendered":"http:\/\/konsulat-serbia.pl\/?page_id=290"},"modified":"2021-09-02T11:02:58","modified_gmt":"2021-09-02T09:02:58","slug":"gospodarka","status":"publish","type":"page","link":"https:\/\/konsulat-serbia.pl\/?page_id=290","title":{"rendered":"Gospodarka"},"content":{"rendered":"<h2 style=\"text-align: center;\">GOSPODARKA<\/h2>\n<p><a href=\"https:\/\/konsulat-serbia.pl\/wp-content\/uploads\/2017\/06\/economy-crisis-2-1236979-1.jpg\"><img loading=\"lazy\" class=\"aligncenter wp-image-213\" src=\"https:\/\/konsulat-serbia.pl\/wp-content\/uploads\/2017\/06\/economy-crisis-2-1236979-1.jpg\" alt=\"\" width=\"372\" height=\"279\" srcset=\"https:\/\/konsulat-serbia.pl\/wp-content\/uploads\/2017\/06\/economy-crisis-2-1236979-1.jpg 586w, https:\/\/konsulat-serbia.pl\/wp-content\/uploads\/2017\/06\/economy-crisis-2-1236979-1-420x315.jpg 420w, https:\/\/konsulat-serbia.pl\/wp-content\/uploads\/2017\/06\/economy-crisis-2-1236979-1-200x150.jpg 200w, https:\/\/konsulat-serbia.pl\/wp-content\/uploads\/2017\/06\/economy-crisis-2-1236979-1-150x113.jpg 150w\" sizes=\"(max-width: 372px) 100vw, 372px\" \/><\/a><\/p>\n<p>Konsulat, przy wsparciu Ambasady Republiki Serbii w Warszawie, skupia si\u0119 na pomocy polskim oraz serbskim przedsi\u0119biorcom w nawi\u0105zywaniu nowych kontakt\u00f3w handlowo-gospodarczych, organizacji wszelkich wizyt i misji gospodarczych, maj\u0105cych pobudzi\u0107 wzajemne inwestycje oraz wymian\u0119 do\u015bwiadcze\u0144. Do tej pory uda\u0142o si\u0119 zorganizowa\u0107 r\u00f3wnie\u017c pi\u0119\u0107 edycji Polsko-Serbskiego Forum Gospodarczego (jedna odby\u0142a si\u0119 w Katowicach, a cztery w Belgradzie). Przedsi\u0119biorc\u00f3w zainteresowanych udzia\u0142em w Forum serdecznie zapraszamy do kontaktu!<\/p>\n<p>Wsp\u00f3\u0142praca gospodarcza zale\u017cy r\u00f3wnie\u017c w du\u017cej mierze od kontakt\u00f3w pomi\u0119dzy jednostkami samorz\u0105dowymi. Konsulat aktywnie wsp\u00f3\u0142pracuje m.in. z Miastem Czelad\u017a, kt\u00f3re w 2015 roku zyska\u0142o nowego partnera zagranicznego \u2013 rodzinne miasto pana Konsula \u2013 \u010ca\u010dak. Pomogli\u015bmy r\u00f3wnie\u017c w nawi\u0105zaniu kontakt\u00f3w pomi\u0119dzy samorz\u0105dami Gminy Sjenicy oraz Miasta Wojkowice. Samorz\u0105dy te podj\u0119\u0142y wsp\u00f3\u0142prac\u0119 w obszarze rolnictwa oraz turystyki.<\/p>\n<p>Konsulat Republiki Serbii w Katowicach obejmuje swoj\u0105 jurysdykcj\u0105 cztery po\u0142udniowe wojew\u00f3dztwa: \u015bl\u0105skie, dolno\u015bl\u0105skie, ma\u0142opolskie i opolskie.<\/p>\n<p>Zapraszamy do zapoznania si\u0119 z prezentacj\u0105 na temat inwestowania w Serbii:<\/p>\n<p><a href=\"https:\/\/konsulat-serbia.pl\/wp-content\/uploads\/2017\/06\/prezentacija-19-10-2016.pdf\">Invest in Serbia &#8211; PKS<\/a><\/p>\n<h6>(Prezentacja pochodzi z zasob\u00f3w Serbskiej Izby Gospodarczej (PKS \u2013 Privredna Komora Srbije)<\/h6>\n<p>W skr\u00f3cie: <strong>Dlaczego warto inwestowa\u0107 w Serbii?<\/strong><\/p>\n<ol>\n<li>Mo\u017cna uzyska\u0107 bezc\u0142owy dost\u0119p do rynku zamieszka\u0142ego przez 1,1 miliarda ludzi (umowy o wolnym handlu m. in. z Rosj\u0105, Bia\u0142orusi\u0105, Kazachstanem, Turcj\u0105, krajami EFTA, UE, USA)<\/li>\n<li>Mo\u017cliwo\u015b\u0107 uzyskania dotacji pa\u0144stwowych za tworzenie nowych miejsc pracy.<\/li>\n<li>Po\u0142o\u017cenie geograficzne, w kt\u00f3rym krzy\u017cuj\u0105 si\u0119 najwa\u017cniejsze europejskie korytarze handlowe. Serbia ma dobrze rozwini\u0119t\u0105 infrastruktur\u0119 ruchu drogowego. Dzi\u0119ki po\u0142o\u017ceniu na skrzy\u017cowaniu dw\u00f3ch g\u0142\u00f3wnych europejskich korytarzy w Europie Po\u0142udniowo-Wschodniej (Korytarz drogowy X i wodny korytarz VII), Serbia jest krajem tranzytowym na drodze transportu towar\u00f3w i pasa\u017cer\u00f3w z Azji do Europy \u015arodkowej.<\/li>\n<li>Dost\u0119p do wykszta\u0142conych i wysoko wykwalifikowanych pracownik\u00f3w na korzystnych warunkach finansowych. Uniwersytet w Belgradzie znajduje si\u0119 na li\u015bcie 300 najlepszych uczelni na \u015bwiecie z 90 tysi\u0105cami student\u00f3w, kszta\u0142c\u0105cych si\u0119 na 31 wydzia\u0142ach.<\/li>\n<li>Zrestrukturyzowany i stabilny system finansowy, jak i gospodarczy ze sta\u0142ym wzrostem PKB.<\/li>\n<li>Proste procedury prowadzenia handlu zagranicznego i realizacji inwestycji zagranicznych.<\/li>\n<li>Korzystne opodatkowanie: podatek VAT: 20% lub 8% (stawka szczeg\u00f3lna na \u017cywno\u015b\u0107), <strong>podatek dochodowy od os\u00f3b prawnych \u2013 15%.<\/strong><\/li>\n<li>Zwolnienia podatkowe dla du\u017cych inwestycji nawet na 10 lat, systemy dotacji dla inwestycji o szczeg\u00f3lnym znaczeniu dla Serbii<\/li>\n<li>Brak barier dla zagranicznych inwestor\u00f3w (traktowani s\u0105 na r\u00f3wni z krajowymi).<\/li>\n<li>Szansa dla rolnictwa: korzystne warunki naturalne dla rozwoju produkcji rolnej oraz hodowli.<\/li>\n<\/ol>\n<p>WOLNE STREFY EKONOMICZNE:<\/p>\n<p>Aktualnie w Serbii funkcjonuje <strong>13 wolnych stref ekonomicznych<\/strong> w tym najwi\u0119ksza na Ba\u0142kanach strefa PIROT, gdzie mo\u017cna m. in. kupi\u0107 grunt w korzystnej cenie oraz importowa\u0107 i eksportowa\u0107 towary bez c\u0142a, a na towar i \u015bwiadczone w wolnej strefie us\u0142ugi transportowe nie nalicza si\u0119 podatku VAT. W strefach mo\u017cna uzyska\u0107 tak\u017ce wiele innych ulg (zale\u017cnie od polityki konkretnej strefy).<\/p>\n<p>Zapraszamy do zapoznania si\u0119 z dok\u0142adniejszymi informacjami o Wolnych Strefach Ekonomicznych w Serbii (prezentacja w j\u0119zyku angielskim): <a href=\"http:\/\/www.usz.gov.rs\/files\/prezentacija-engleska.pdf\">http:\/\/www.usz.gov.rs\/files\/prezentacija-engleska.pdf<\/a><\/p>\n<p>Aktualne stosunki gospodarcze mi\u0119dzy naszymi krajami s\u0105 na bardzo wysokim poziomie. Por\u00f3wnuj\u0105c tylko rok 2012 z 2016, zauwa\u017cymy ponad dwukrotny wzrost wymiany handlowej (140%). Taki poziom wzrostu w ci\u0105gu zaledwie czterech lat doskonale \u015bwiadczy o tym, jak wielkie mo\u017cliwo\u015bci rozwoju na tym polu maj\u0105 przedsi\u0119biorcy obu kraj\u00f3w.<\/p>\n<p>Je\u015bli jeste\u015b zainteresowany inwestowaniem w Serbii, skontaktuj si\u0119 z nami. Pomo\u017cemy w organizacji wizyt i spotka\u0144 z przedstawicielami firm, instytucji oraz samorz\u0105d\u00f3w i doradzimy na jakie korzy\u015bci i ulgi mo\u017cna liczy\u0107, prowadz\u0105c interesy w Serbii.<\/p>\n<p>Poni\u017cej znajduj\u0105 si\u0119 dokumenty oraz broszury dotycz\u0105ce inwestowania w Serbii. Zainteresowanych zapraszamy do zapoznania si\u0119 z zamieszczonymi plikami.<\/p>\n<p><strong>Jest mo\u017cliwo\u015b\u0107 spotkania z panem Konsulem po uprzednim telefonicznym um\u00f3wieniu wizyty. Zapraszamy do kontaktu pod numerem tel. +48 32&nbsp;265 81 66.<\/strong><\/p>\n\n\n<div class=\"wp-block-file\"><a href=\"https:\/\/konsulat-serbia.pl\/wp-content\/uploads\/2021\/09\/Energy-Law-1.docx\">Energy-Law-1<\/a><a href=\"https:\/\/konsulat-serbia.pl\/wp-content\/uploads\/2021\/09\/Energy-Law-1.docx\" class=\"wp-block-file__button\" download>Pobierz<\/a><\/div>\n\n\n\n<div class=\"wp-block-file\"><a href=\"https:\/\/konsulat-serbia.pl\/wp-content\/uploads\/2021\/09\/Law-on-Energy-Efficiency-and-Rational-Use-of-Energy-1.docx\">Law-on-Energy-Efficiency-and-Rational-Use-of-Energy-1<\/a><a href=\"https:\/\/konsulat-serbia.pl\/wp-content\/uploads\/2021\/09\/Law-on-Energy-Efficiency-and-Rational-Use-of-Energy-1.docx\" class=\"wp-block-file__button\" download>Pobierz<\/a><\/div>\n\n\n\n<div class=\"wp-block-file\"><a href=\"https:\/\/konsulat-serbia.pl\/wp-content\/uploads\/2021\/09\/Law-on-Mining-and-Geological-Research-1.docx\">Law-on-Mining-and-Geological-Research-1<\/a><a href=\"https:\/\/konsulat-serbia.pl\/wp-content\/uploads\/2021\/09\/Law-on-Mining-and-Geological-Research-1.docx\" class=\"wp-block-file__button\" download>Pobierz<\/a><\/div>\n\n\n\n<div class=\"wp-block-file\"><a href=\"https:\/\/konsulat-serbia.pl\/wp-content\/uploads\/2021\/09\/Law-on-the-use-of-renewable-energy-sources-1.docx\">Law-on-the-use-of-renewable-energy-sources-1<\/a><a href=\"https:\/\/konsulat-serbia.pl\/wp-content\/uploads\/2021\/09\/Law-on-the-use-of-renewable-energy-sources-1.docx\" class=\"wp-block-file__button\" download>Pobierz<\/a><\/div>\n\n\n\n<div class=\"wp-block-file\"><object class=\"wp-block-file__embed\" data=\"https:\/\/konsulat-serbia.pl\/wp-content\/uploads\/2021\/09\/Brochure-1.pdf\" type=\"application\/pdf\" style=\"width:100%;height:600px\" aria-label=\"Osadzone z Brochure-1.\"><\/object><a href=\"https:\/\/konsulat-serbia.pl\/wp-content\/uploads\/2021\/09\/Brochure-1.pdf\">Brochure-1<\/a><a href=\"https:\/\/konsulat-serbia.pl\/wp-content\/uploads\/2021\/09\/Brochure-1.pdf\" class=\"wp-block-file__button\" download>Pobierz<\/a><\/div>\n\n\n\n<div class=\"wp-block-file\"><object class=\"wp-block-file__embed\" data=\"https:\/\/konsulat-serbia.pl\/wp-content\/uploads\/2021\/09\/Serbia-your-next-investment-destination-2.pdf\" type=\"application\/pdf\" style=\"width:100%;height:600px\" aria-label=\"Osadzone z Serbia-your-next-investment-destination-2.\"><\/object><a href=\"https:\/\/konsulat-serbia.pl\/wp-content\/uploads\/2021\/09\/Serbia-your-next-investment-destination-2.pdf\">Serbia-your-next-investment-destination-2<\/a><a href=\"https:\/\/konsulat-serbia.pl\/wp-content\/uploads\/2021\/09\/Serbia-your-next-investment-destination-2.pdf\" class=\"wp-block-file__button\" download>Pobierz<\/a><\/div>\n\n\n\n<p><\/p>\n","protected":false},"excerpt":{"rendered":"<p>GOSPODARKA Konsulat, przy wsparciu Ambasady Republiki Serbii w Warszawie, skupia si\u0119 na pomocy polskim oraz serbskim przedsi\u0119biorcom w nawi\u0105zywaniu nowych kontakt\u00f3w handlowo-gospodarczych, organizacji wszelkich wizyt i misji gospodarczych, maj\u0105cych pobudzi\u0107 wzajemne inwestycje oraz wymian\u0119 do\u015bwiadcze\u0144. Do tej pory uda\u0142o si\u0119 zorganizowa\u0107 r\u00f3wnie\u017c pi\u0119\u0107 edycji Polsko-Serbskiego Forum Gospodarczego (jedna odby\u0142a si\u0119 \u2026 <a class=\"continue-reading-link\" href=\"https:\/\/konsulat-serbia.pl\/?page_id=290\"> Continue reading <span class=\"meta-nav\">&rarr; <\/span><\/a><\/p>\n","protected":false},"author":1,"featured_media":0,"parent":0,"menu_order":0,"comment_status":"closed","ping_status":"closed","template":"","meta":[],"aioseo_notices":[],"_links":{"self":[{"href":"https:\/\/konsulat-serbia.pl\/index.php?rest_route=\/wp\/v2\/pages\/290"}],"collection":[{"href":"https:\/\/konsulat-serbia.pl\/index.php?rest_route=\/wp\/v2\/pages"}],"about":[{"href":"https:\/\/konsulat-serbia.pl\/index.php?rest_route=\/wp\/v2\/types\/page"}],"author":[{"embeddable":true,"href":"https:\/\/konsulat-serbia.pl\/index.php?rest_route=\/wp\/v2\/users\/1"}],"replies":[{"embeddable":true,"href":"https:\/\/konsulat-serbia.pl\/index.php?rest_route=%2Fwp%2Fv2%2Fcomments&post=290"}],"version-history":[{"count":11,"href":"https:\/\/konsulat-serbia.pl\/index.php?rest_route=\/wp\/v2\/pages\/290\/revisions"}],"predecessor-version":[{"id":1180,"href":"https:\/\/konsulat-serbia.pl\/index.php?rest_route=\/wp\/v2\/pages\/290\/revisions\/1180"}],"wp:attachment":[{"href":"https:\/\/konsulat-serbia.pl\/index.php?rest_route=%2Fwp%2Fv2%2Fmedia&parent=290"}],"curies":[{"name":"wp","href":"https:\/\/api.w.org\/{rel}","templated":true}]}}